{"id":1883,"date":"2025-02-27T13:38:43","date_gmt":"2025-02-27T13:38:43","guid":{"rendered":"http:\/\/www.mustapartahotels.fi\/?page_id=1883"},"modified":"2026-03-02T17:19:50","modified_gmt":"2026-03-02T17:19:50","slug":"tapahtumat","status":"publish","type":"page","link":"http:\/\/www.mustapartahotels.fi\/en\/tapahtumat\/","title":{"rendered":"Events"},"content":{"rendered":"<div data-elementor-type=\"wp-page\" data-elementor-id=\"1883\" class=\"elementor elementor-1883\" data-elementor-post-type=\"page\">\n\t\t\t\t<div class=\"elementor-element elementor-element-734b075 e-flex e-con-boxed e-con e-parent\" data-id=\"734b075\" data-element_type=\"container\" data-e-type=\"container\" data-settings=\"{&quot;background_background&quot;:&quot;classic&quot;}\">\n\t\t\t\t\t<div class=\"e-con-inner\">\n\t\t\t\t<div class=\"elementor-element elementor-element-ca1c6f6 elementor-grid-3 elementor-grid-tablet-2 elementor-grid-mobile-1 elementor-posts--thumbnail-top elementor-card-shadow-yes elementor-posts__hover-gradient elementor-widget elementor-widget-posts\" data-id=\"ca1c6f6\" data-element_type=\"widget\" data-e-type=\"widget\" data-settings=\"{&quot;cards_columns&quot;:&quot;3&quot;,&quot;cards_columns_tablet&quot;:&quot;2&quot;,&quot;cards_columns_mobile&quot;:&quot;1&quot;,&quot;cards_row_gap&quot;:{&quot;unit&quot;:&quot;px&quot;,&quot;size&quot;:35,&quot;sizes&quot;:[]},&quot;cards_row_gap_tablet&quot;:{&quot;unit&quot;:&quot;px&quot;,&quot;size&quot;:&quot;&quot;,&quot;sizes&quot;:[]},&quot;cards_row_gap_mobile&quot;:{&quot;unit&quot;:&quot;px&quot;,&quot;size&quot;:&quot;&quot;,&quot;sizes&quot;:[]}}\" data-widget_type=\"posts.cards\">\n\t\t\t\t<div class=\"elementor-widget-container\">\n\t\t\t\t\t\t\t<div class=\"elementor-posts-container elementor-posts elementor-posts--skin-cards elementor-grid\" role=\"list\">\n\t\t\t\t<article class=\"elementor-post elementor-grid-item post-2588 tapahtuma type-tapahtuma status-publish has-post-thumbnail hentry\" role=\"listitem\">\n\t\t\t<div class=\"elementor-post__card\">\n\t\t\t\t<a class=\"elementor-post__thumbnail__link\" href=\"http:\/\/www.mustapartahotels.fi\/en\/tapahtuma\/tapahtumakalenteri\/\" tabindex=\"-1\" target=\"_blank\"><div class=\"elementor-post__thumbnail\"><img fetchpriority=\"high\" decoding=\"async\" width=\"213\" height=\"300\" src=\"http:\/\/www.mustapartahotels.fi\/wp-content\/uploads\/2026\/04\/Screenshot_20260417_085245-213x300.jpg\" class=\"attachment-medium size-medium wp-image-2597\" alt=\"\" srcset=\"http:\/\/www.mustapartahotels.fi\/wp-content\/uploads\/2026\/04\/Screenshot_20260417_085245-213x300.jpg 213w, http:\/\/www.mustapartahotels.fi\/wp-content\/uploads\/2026\/04\/Screenshot_20260417_085245-9x12.jpg 9w, http:\/\/www.mustapartahotels.fi\/wp-content\/uploads\/2026\/04\/Screenshot_20260417_085245.jpg 720w\" sizes=\"(max-width: 213px) 100vw, 213px\" \/><\/div><\/a>\n\t\t\t\t<div class=\"elementor-post__text\">\n\t\t\t\t<h3 class=\"elementor-post__title\">\n\t\t\t<a href=\"http:\/\/www.mustapartahotels.fi\/en\/tapahtuma\/tapahtumakalenteri\/\" target=\"&quot;_blank&quot;\">\n\t\t\t\tEvent calendar\t\t\t<\/a>\n\t\t<\/h3>\n\t\t\t\t<div class=\"elementor-post__excerpt\">\n\t\t\t\t\t<\/div>\n\t\t\n\t\t<a class=\"elementor-post__read-more\" href=\"http:\/\/www.mustapartahotels.fi\/en\/tapahtuma\/tapahtumakalenteri\/\" aria-label=\"Read more about Tapahtumakalenteri\" tabindex=\"-1\" target=\"_blank\">\n\t\t\tMore \"\t\t<\/a>\n\n\t\t\t\t<\/div>\n\t\t\t\t\t<\/div>\n\t\t<\/article>\n\t\t\t\t<article class=\"elementor-post elementor-grid-item post-2570 tapahtuma type-tapahtuma status-publish has-post-thumbnail hentry\" role=\"listitem\">\n\t\t\t<div class=\"elementor-post__card\">\n\t\t\t\t<a class=\"elementor-post__thumbnail__link\" href=\"http:\/\/www.mustapartahotels.fi\/en\/tapahtuma\/aitienpaiva-10-5\/\" tabindex=\"-1\" target=\"_blank\"><div class=\"elementor-post__thumbnail\"><img decoding=\"async\" width=\"212\" height=\"300\" src=\"http:\/\/www.mustapartahotels.fi\/wp-content\/uploads\/2026\/03\/aamiainen-1-212x300.png\" class=\"attachment-medium size-medium wp-image-2571\" alt=\"\" srcset=\"http:\/\/www.mustapartahotels.fi\/wp-content\/uploads\/2026\/03\/aamiainen-1-212x300.png 212w, http:\/\/www.mustapartahotels.fi\/wp-content\/uploads\/2026\/03\/aamiainen-1-724x1024.png 724w, http:\/\/www.mustapartahotels.fi\/wp-content\/uploads\/2026\/03\/aamiainen-1-768x1086.png 768w, http:\/\/www.mustapartahotels.fi\/wp-content\/uploads\/2026\/03\/aamiainen-1-1086x1536.png 1086w, http:\/\/www.mustapartahotels.fi\/wp-content\/uploads\/2026\/03\/aamiainen-1-8x12.png 8w, http:\/\/www.mustapartahotels.fi\/wp-content\/uploads\/2026\/03\/aamiainen-1.png 1414w\" sizes=\"(max-width: 212px) 100vw, 212px\" \/><\/div><\/a>\n\t\t\t\t<div class=\"elementor-post__text\">\n\t\t\t\t<h3 class=\"elementor-post__title\">\n\t\t\t<a href=\"http:\/\/www.mustapartahotels.fi\/en\/tapahtuma\/aitienpaiva-10-5\/\" target=\"&quot;_blank&quot;\">\n\t\t\t\tMother's Day May 10th.\t\t\t<\/a>\n\t\t<\/h3>\n\t\t\t\t<div class=\"elementor-post__excerpt\">\n\t\t\t<p>Mother's Day Breakfast Brunch at Restaurant Blackbeard's Headquarters from 8:00 AM to 12:00 PM. Price \u20ac24.90 per person, children aged 5-12 \u20ac15.50 per person. \u00c0 la carte from 1:00 PM to 5:30 PM, we offer cake and coffee for diners. Table reservations at hotel@mustapartahotels.fi or +358400105800.<\/p>\n\t\t<\/div>\n\t\t\n\t\t<a class=\"elementor-post__read-more\" href=\"http:\/\/www.mustapartahotels.fi\/en\/tapahtuma\/aitienpaiva-10-5\/\" aria-label=\"Read more about \u00c4itienp\u00e4iv\u00e4 10.5.\" tabindex=\"-1\" target=\"_blank\">\n\t\t\tMore \"\t\t<\/a>\n\n\t\t\t\t<\/div>\n\t\t\t\t\t<\/div>\n\t\t<\/article>\n\t\t\t\t<article class=\"elementor-post elementor-grid-item post-2567 tapahtuma type-tapahtuma status-publish has-post-thumbnail hentry\" role=\"listitem\">\n\t\t\t<div class=\"elementor-post__card\">\n\t\t\t\t<a class=\"elementor-post__thumbnail__link\" href=\"http:\/\/www.mustapartahotels.fi\/en\/tapahtuma\/vappubrunssi-1-5\/\" tabindex=\"-1\" target=\"_blank\"><div class=\"elementor-post__thumbnail\"><img decoding=\"async\" width=\"212\" height=\"300\" src=\"http:\/\/www.mustapartahotels.fi\/wp-content\/uploads\/2026\/03\/aamiainen-2-212x300.png\" class=\"attachment-medium size-medium wp-image-2573\" alt=\"\" srcset=\"http:\/\/www.mustapartahotels.fi\/wp-content\/uploads\/2026\/03\/aamiainen-2-212x300.png 212w, http:\/\/www.mustapartahotels.fi\/wp-content\/uploads\/2026\/03\/aamiainen-2-724x1024.png 724w, http:\/\/www.mustapartahotels.fi\/wp-content\/uploads\/2026\/03\/aamiainen-2-768x1086.png 768w, http:\/\/www.mustapartahotels.fi\/wp-content\/uploads\/2026\/03\/aamiainen-2-1086x1536.png 1086w, http:\/\/www.mustapartahotels.fi\/wp-content\/uploads\/2026\/03\/aamiainen-2-8x12.png 8w, http:\/\/www.mustapartahotels.fi\/wp-content\/uploads\/2026\/03\/aamiainen-2.png 1414w\" sizes=\"(max-width: 212px) 100vw, 212px\" \/><\/div><\/a>\n\t\t\t\t<div class=\"elementor-post__text\">\n\t\t\t\t<h3 class=\"elementor-post__title\">\n\t\t\t<a href=\"http:\/\/www.mustapartahotels.fi\/en\/tapahtuma\/vappubrunssi-1-5\/\" target=\"&quot;_blank&quot;\">\n\t\t\t\tMay Day brunch May 1st.\t\t\t<\/a>\n\t\t<\/h3>\n\t\t\t\t<div class=\"elementor-post__excerpt\">\n\t\t\t<p>Mustaparta's May Day Brunch May 1st from 11:00 AM to 2:00 PM. Price \u20ac24.90 per person, children aged 5-12 \u20ac15.50 per person. Table reservations at +358400105800 or by email at hotel@mustapartahotels.fi<\/p>\n\t\t<\/div>\n\t\t\n\t\t<a class=\"elementor-post__read-more\" href=\"http:\/\/www.mustapartahotels.fi\/en\/tapahtuma\/vappubrunssi-1-5\/\" aria-label=\"Read more about Vappubrunssi 1.5.\" tabindex=\"-1\" target=\"_blank\">\n\t\t\tMore \"\t\t<\/a>\n\n\t\t\t\t<\/div>\n\t\t\t\t\t<\/div>\n\t\t<\/article>\n\t\t\t\t<article class=\"elementor-post elementor-grid-item post-2484 tapahtuma type-tapahtuma status-publish has-post-thumbnail hentry\" role=\"listitem\">\n\t\t\t<div class=\"elementor-post__card\">\n\t\t\t\t<a class=\"elementor-post__thumbnail__link\" href=\"http:\/\/www.mustapartahotels.fi\/en\/tapahtuma\/the-animals-uk-jaahyvaiskiertue-25-4-2026-klo-2000\/\" tabindex=\"-1\" target=\"_blank\"><div class=\"elementor-post__thumbnail\"><img loading=\"lazy\" decoding=\"async\" width=\"212\" height=\"300\" src=\"http:\/\/www.mustapartahotels.fi\/wp-content\/uploads\/2026\/01\/IMG-20251205-WA0006-212x300.jpg\" class=\"attachment-medium size-medium wp-image-2485\" alt=\"\" srcset=\"http:\/\/www.mustapartahotels.fi\/wp-content\/uploads\/2026\/01\/IMG-20251205-WA0006-212x300.jpg 212w, http:\/\/www.mustapartahotels.fi\/wp-content\/uploads\/2026\/01\/IMG-20251205-WA0006-724x1024.jpg 724w, http:\/\/www.mustapartahotels.fi\/wp-content\/uploads\/2026\/01\/IMG-20251205-WA0006-768x1086.jpg 768w, http:\/\/www.mustapartahotels.fi\/wp-content\/uploads\/2026\/01\/IMG-20251205-WA0006-1086x1536.jpg 1086w, http:\/\/www.mustapartahotels.fi\/wp-content\/uploads\/2026\/01\/IMG-20251205-WA0006-8x12.jpg 8w, http:\/\/www.mustapartahotels.fi\/wp-content\/uploads\/2026\/01\/IMG-20251205-WA0006.jpg 1131w\" sizes=\"(max-width: 212px) 100vw, 212px\" \/><\/div><\/a>\n\t\t\t\t<div class=\"elementor-post__text\">\n\t\t\t\t<h3 class=\"elementor-post__title\">\n\t\t\t<a href=\"http:\/\/www.mustapartahotels.fi\/en\/tapahtuma\/the-animals-uk-jaahyvaiskiertue-25-4-2026-klo-2000\/\" target=\"&quot;_blank&quot;\">\n\t\t\t\tThe Animals (UK) - Farewell Tour 25.4.2026 at 20:00\t\t\t<\/a>\n\t\t<\/h3>\n\t\t\t\t<div class=\"elementor-post__excerpt\">\n\t\t\t<p>The legendary The Animals will arrive at the Grand Hotel Mustaparra Ballroom in Tornio in spring 2026 with co-founder John Steel from the original line-up. Danny Handley, Barney Williams and Norman Helm will also play in the band. \u201dHouse of the Rising Sun\u201d, \u201dWe Gotta Get Out of This Place\u201d, \u201dDon't Let Me Be Understood\u201d, \u201dIt\u00b4s My Life\u201d, \u201dI<\/p>\n\t\t<\/div>\n\t\t\n\t\t<a class=\"elementor-post__read-more\" href=\"http:\/\/www.mustapartahotels.fi\/en\/tapahtuma\/the-animals-uk-jaahyvaiskiertue-25-4-2026-klo-2000\/\" aria-label=\"Read more about The Animals (UK) - Farewell Tour 25.4.2026 at 20:00\" tabindex=\"-1\" target=\"_blank\">\n\t\t\tMore \"\t\t<\/a>\n\n\t\t\t\t<\/div>\n\t\t\t\t\t<\/div>\n\t\t<\/article>\n\t\t\t\t<\/div>\n\t\t\n\t\t\t\t\t\t<\/div>\n\t\t\t\t<\/div>\n\t\t\t\t\t<\/div>\n\t\t\t\t<\/div>\n\t\t\t\t<\/div>","protected":false},"excerpt":{"rendered":"","protected":false},"author":1,"featured_media":0,"parent":0,"menu_order":0,"comment_status":"closed","ping_status":"closed","template":"","meta":{"_acf_changed":false,"inline_featured_image":false,"site-sidebar-layout":"no-sidebar","site-content-layout":"","ast-site-content-layout":"full-width-container","site-content-style":"default","site-sidebar-style":"default","ast-global-header-display":"","ast-banner-title-visibility":"","ast-main-header-display":"","ast-hfb-above-header-display":"","ast-hfb-below-header-display":"","ast-hfb-mobile-header-display":"","site-post-title":"disabled","ast-breadcrumbs-content":"","ast-featured-img":"disabled","footer-sml-layout":"","ast-disable-related-posts":"","theme-transparent-header-meta":"","adv-header-id-meta":"","stick-header-meta":"","header-above-stick-meta":"","header-main-stick-meta":"","header-below-stick-meta":"","astra-migrate-meta-layouts":"default","ast-page-background-enabled":"default","ast-page-background-meta":{"desktop":{"background-color":"var(--ast-global-color-4)","background-image":"","background-repeat":"repeat","background-position":"center center","background-size":"auto","background-attachment":"scroll","background-type":"","background-media":"","overlay-type":"","overlay-color":"","overlay-opacity":"","overlay-gradient":""},"tablet":{"background-color":"","background-image":"","background-repeat":"repeat","background-position":"center center","background-size":"auto","background-attachment":"scroll","background-type":"","background-media":"","overlay-type":"","overlay-color":"","overlay-opacity":"","overlay-gradient":""},"mobile":{"background-color":"","background-image":"","background-repeat":"repeat","background-position":"center center","background-size":"auto","background-attachment":"scroll","background-type":"","background-media":"","overlay-type":"","overlay-color":"","overlay-opacity":"","overlay-gradient":""}},"ast-content-background-meta":{"desktop":{"background-color":"var(--ast-global-color-5)","background-image":"","background-repeat":"repeat","background-position":"center center","background-size":"auto","background-attachment":"scroll","background-type":"","background-media":"","overlay-type":"","overlay-color":"","overlay-opacity":"","overlay-gradient":""},"tablet":{"background-color":"var(--ast-global-color-5)","background-image":"","background-repeat":"repeat","background-position":"center center","background-size":"auto","background-attachment":"scroll","background-type":"","background-media":"","overlay-type":"","overlay-color":"","overlay-opacity":"","overlay-gradient":""},"mobile":{"background-color":"var(--ast-global-color-5)","background-image":"","background-repeat":"repeat","background-position":"center center","background-size":"auto","background-attachment":"scroll","background-type":"","background-media":"","overlay-type":"","overlay-color":"","overlay-opacity":"","overlay-gradient":""}},"footnotes":""},"class_list":["post-1883","page","type-page","status-publish","hentry"],"acf":[],"_links":{"self":[{"href":"http:\/\/www.mustapartahotels.fi\/en\/wp-json\/wp\/v2\/pages\/1883"}],"collection":[{"href":"http:\/\/www.mustapartahotels.fi\/en\/wp-json\/wp\/v2\/pages"}],"about":[{"href":"http:\/\/www.mustapartahotels.fi\/en\/wp-json\/wp\/v2\/types\/page"}],"author":[{"embeddable":true,"href":"http:\/\/www.mustapartahotels.fi\/en\/wp-json\/wp\/v2\/users\/1"}],"replies":[{"embeddable":true,"href":"http:\/\/www.mustapartahotels.fi\/en\/wp-json\/wp\/v2\/comments?post=1883"}],"version-history":[{"count":31,"href":"http:\/\/www.mustapartahotels.fi\/en\/wp-json\/wp\/v2\/pages\/1883\/revisions"}],"predecessor-version":[{"id":2532,"href":"http:\/\/www.mustapartahotels.fi\/en\/wp-json\/wp\/v2\/pages\/1883\/revisions\/2532"}],"wp:attachment":[{"href":"http:\/\/www.mustapartahotels.fi\/en\/wp-json\/wp\/v2\/media?parent=1883"}],"curies":[{"name":"wp","href":"https:\/\/api.w.org\/{rel}","templated":true}]}}